{"id":28842,"date":"2018-07-16T04:45:17","date_gmt":"2018-07-16T02:45:17","guid":{"rendered":"https:\/\/rpagani.art\/sea01\/?page_id=2"},"modified":"2021-01-10T09:33:43","modified_gmt":"2021-01-10T08:33:43","slug":"001-2","status":"publish","type":"page","link":"https:\/\/rpagani.art\/","title":{"rendered":"home"},"content":{"rendered":"<div class=\"bm-builder clearfix \"><div id=\"\" class=\"module col-0 module-id-1568607326884\" data-module-col=\"0\"><div class=\"module-inside slider-inside post-0-29326\" style=\"\"><div class=\"slider-mod-wrap slider-style1 slide-des-bottom-left slide-arrow-show slide-arrow-show-default \"  data-animationend=\"from-top-translated\"><div id=\"slider-arrow-left\" class=\"slider-arrow-left slider-arrow\"><\/div><div id=\"slider-arrow-right\" class=\"slider-arrow-right slider-arrow\"><\/div><div class=\"owl-carousel \" data-item=\"1\" data-mobileitem=\"1\" data-center=\"false\" data-margin=\"0\" data-marginmobile=\"0\" data-autowidth=\"false\" data-slideby=\"1\" data-showdot=\"true\" data-loop=\"true\" data-nav=\"false\" data-animateout=\"fadeOut\" data-animatein=\"fadeIn\" data-mousedrag=\"false\" data-transition=\"300\" data-auto=\"true\" data-autoplayTimeout=\"4000\" data-lazy=\"true\"><section class=\"item\" data-logocolor=\"default-logo\" data-menucolor=\"default-menu\" data-id=\"post-0-29326\"><div class=\"slide-item-wrap\"><div class=\"slide-item-des\"><div class=\"slide-item-des-wrap\"><\/div><\/div><div class=\"carousel-img-wrap ux-ajax-page-transition-link\" style=\"\"><img decoding=\"async\" src=\"data:image\/gif;base64,R0lGODlhAQABAIAAAAAAAP\/\/\/yH5BAEAAAAALAAAAAABAAEAAAIBRAA7\" data-src=\"https:\/\/rpagani.art\/wp-content\/uploads\/2021\/01\/slider-01-1.png\" alt=\"\" data-srcset=\"https:\/\/rpagani.art\/wp-content\/uploads\/2021\/01\/slider-01-1.png 1400w, https:\/\/rpagani.art\/wp-content\/uploads\/2021\/01\/slider-01-1-300x150.png 300w, https:\/\/rpagani.art\/wp-content\/uploads\/2021\/01\/slider-01-1-1024x512.png 1024w, https:\/\/rpagani.art\/wp-content\/uploads\/2021\/01\/slider-01-1-768x384.png 768w, https:\/\/rpagani.art\/wp-content\/uploads\/2021\/01\/slider-01-1-350x175.png 350w, https:\/\/rpagani.art\/wp-content\/uploads\/2021\/01\/slider-01-1-650x325.png 650w, https:\/\/rpagani.art\/wp-content\/uploads\/2021\/01\/slider-01-1-1000x500.png 1000w\" data-sizes=\"(max-width: 480px) 320px,(max-width: 767px) 500px,(max-width: 1400px) 100vw, 1400px\" class=\"grid-item-img owl-lazy lazy\" ><\/div><\/div><\/section><section class=\"item\" data-logocolor=\"default-logo\" data-menucolor=\"alt-menu\" data-id=\"post-1-29327\"><div class=\"slide-item-wrap\"><div class=\"slide-item-des\"><div class=\"slide-item-des-wrap\"><\/div><\/div><div class=\"carousel-img-wrap ux-ajax-page-transition-link\" style=\"\"><img decoding=\"async\" src=\"data:image\/gif;base64,R0lGODlhAQABAIAAAAAAAP\/\/\/yH5BAEAAAAALAAAAAABAAEAAAIBRAA7\" data-src=\"https:\/\/rpagani.art\/wp-content\/uploads\/2021\/01\/slider-02.png\" alt=\"\" data-srcset=\"https:\/\/rpagani.art\/wp-content\/uploads\/2021\/01\/slider-02.png 1400w, https:\/\/rpagani.art\/wp-content\/uploads\/2021\/01\/slider-02-300x150.png 300w, https:\/\/rpagani.art\/wp-content\/uploads\/2021\/01\/slider-02-1024x512.png 1024w, https:\/\/rpagani.art\/wp-content\/uploads\/2021\/01\/slider-02-768x384.png 768w, https:\/\/rpagani.art\/wp-content\/uploads\/2021\/01\/slider-02-350x175.png 350w, https:\/\/rpagani.art\/wp-content\/uploads\/2021\/01\/slider-02-650x325.png 650w, https:\/\/rpagani.art\/wp-content\/uploads\/2021\/01\/slider-02-1000x500.png 1000w\" data-sizes=\"(max-width: 480px) 320px,(max-width: 767px) 500px,(max-width: 1400px) 100vw, 1400px\" class=\"grid-item-img owl-lazy lazy\" ><\/div><\/div><\/section><section class=\"item\" data-logocolor=\"default-logo\" data-menucolor=\"alt-menu\" data-id=\"post-2-29328\"><div class=\"slide-item-wrap\"><div class=\"slide-item-des\"><div class=\"slide-item-des-wrap\"><\/div><\/div><div class=\"carousel-img-wrap ux-ajax-page-transition-link\" style=\"\"><img decoding=\"async\" src=\"data:image\/gif;base64,R0lGODlhAQABAIAAAAAAAP\/\/\/yH5BAEAAAAALAAAAAABAAEAAAIBRAA7\" data-src=\"https:\/\/rpagani.art\/wp-content\/uploads\/2021\/01\/slider-03.png\" alt=\"\" data-srcset=\"https:\/\/rpagani.art\/wp-content\/uploads\/2021\/01\/slider-03.png 1400w, https:\/\/rpagani.art\/wp-content\/uploads\/2021\/01\/slider-03-300x150.png 300w, https:\/\/rpagani.art\/wp-content\/uploads\/2021\/01\/slider-03-1024x512.png 1024w, https:\/\/rpagani.art\/wp-content\/uploads\/2021\/01\/slider-03-768x384.png 768w, https:\/\/rpagani.art\/wp-content\/uploads\/2021\/01\/slider-03-350x175.png 350w, https:\/\/rpagani.art\/wp-content\/uploads\/2021\/01\/slider-03-650x325.png 650w, https:\/\/rpagani.art\/wp-content\/uploads\/2021\/01\/slider-03-1000x500.png 1000w\" data-sizes=\"(max-width: 480px) 320px,(max-width: 767px) 500px,(max-width: 1400px) 100vw, 1400px\" class=\"grid-item-img owl-lazy lazy\" ><\/div><\/div><\/section><section class=\"item\" data-logocolor=\"default-logo\" data-menucolor=\"default-menu\" data-id=\"post-3-29329\"><div class=\"slide-item-wrap\"><div class=\"slide-item-des\"><div class=\"slide-item-des-wrap\"><\/div><\/div><div class=\"carousel-img-wrap ux-ajax-page-transition-link\" style=\"\"><img decoding=\"async\" src=\"data:image\/gif;base64,R0lGODlhAQABAIAAAAAAAP\/\/\/yH5BAEAAAAALAAAAAABAAEAAAIBRAA7\" data-src=\"https:\/\/rpagani.art\/wp-content\/uploads\/2021\/01\/slider-04.png\" alt=\"\" data-srcset=\"https:\/\/rpagani.art\/wp-content\/uploads\/2021\/01\/slider-04.png 1400w, https:\/\/rpagani.art\/wp-content\/uploads\/2021\/01\/slider-04-300x150.png 300w, https:\/\/rpagani.art\/wp-content\/uploads\/2021\/01\/slider-04-1024x512.png 1024w, https:\/\/rpagani.art\/wp-content\/uploads\/2021\/01\/slider-04-768x384.png 768w, https:\/\/rpagani.art\/wp-content\/uploads\/2021\/01\/slider-04-350x175.png 350w, https:\/\/rpagani.art\/wp-content\/uploads\/2021\/01\/slider-04-650x325.png 650w, https:\/\/rpagani.art\/wp-content\/uploads\/2021\/01\/slider-04-1000x500.png 1000w\" data-sizes=\"(max-width: 480px) 320px,(max-width: 767px) 500px,(max-width: 1400px) 100vw, 1400px\" class=\"grid-item-img owl-lazy lazy\" ><\/div><\/div><\/section><\/div><!--End owl --><\/div><\/div><\/div><div id=\"\" class=\"module col-12 module-id-1609855934641 col-offset-0\" data-module-col=\"12\"><div class=\"module-inside text-inside\" style=\"\"><div class=\"text_block_out \" data-animationend=\"fadeined\" data-effect=\"standard\"><div class=\"text_block ux-mod-nobg\"><div class=\"text_block_inn\"><div class=\"text_block_centered text_block_centered_enable_width\"  style=\"\"><p style=\"text-align: center;\"><span style=\"font-size: 70px;\" data-msize=\"34\"><b>Je vous invite \u00e0 d\u00e9couvrir mes cr\u00e9ations<\/b><\/span><\/p><\/div><\/div><\/div><\/div><\/div><\/div><div id=\"\" class=\"module col-12 module-id-1571113505252\" data-module-col=\"12\"><div class=\"module-inside masonry-grid-inside\" style=\"\"><div class=\"ux-portfolio-full bm-masonry-grid\"><div class=\"grid-stack grid-stack-1571113505252       hidden \" data-spacing=\"60\" data-spacing-mobile=\"0\" data-item-style=\"image\" data-number=\"999\" ><section class=\"grid-stack-item sea-grid-item  grid_item_2nd_class filter_a1 filter_branding filter_branding02 filter_branding03 filter_futura-design-agency filter_home filter_illustration\" data-postid=\"28988\" data-gs-x=\"0\" data-gs-y=\"8\" data-gs-width=\"12\" data-gs-height=\"8\"><div class=\"grid-stack-item-content\"><div class=\"grid-item-inside  bm-touch-tab \" data-animationend=\"fadeined\"><div class=\"grid-item-con sea-grid-item-con  post--28988\" ><a href=\"https:\/\/rpagani.art\/?ux-portfolio=1968\" title=\"1968\"  class=\"grid-item-mask-link\"><\/a><div class=\"grid-item-con-text\"><\/div><\/div><div class=\"brick-content ux-lazyload-wrap  \" style=\" padding-top: 71.428571428571%;\"><img decoding=\"async\" src=\"data:image\/gif;base64,R0lGODlhAQABAIAAAAAAAP\/\/\/yH5BAEAAAAALAAAAAABAAEAAAIBRAA7\" data-src=\"https:\/\/rpagani.art\/wp-content\/uploads\/2019\/09\/Titre1968-3.jpg\" data-srcset=\"https:\/\/rpagani.art\/wp-content\/uploads\/2019\/09\/Titre1968-3.jpg 1400w, https:\/\/rpagani.art\/wp-content\/uploads\/2019\/09\/Titre1968-3-300x214.jpg 300w, https:\/\/rpagani.art\/wp-content\/uploads\/2019\/09\/Titre1968-3-1024x731.jpg 1024w, https:\/\/rpagani.art\/wp-content\/uploads\/2019\/09\/Titre1968-3-768x549.jpg 768w, https:\/\/rpagani.art\/wp-content\/uploads\/2019\/09\/Titre1968-3-350x250.jpg 350w, https:\/\/rpagani.art\/wp-content\/uploads\/2019\/09\/Titre1968-3-arttheme-standard-thumb-650x464.jpg 650w, https:\/\/rpagani.art\/wp-content\/uploads\/2019\/09\/Titre1968-3-arttheme-standard-thumb-medium-1000x714.jpg 1000w\" data-sizes=\"(max-width: 480px) 320px,(max-width: 767px) 500px,(max-width: 1400px) 100vw, 1400px\" alt=\"\" data-xx=\"12\" class=\"grid-item-img ux-background-img-1st lazy\"><img decoding=\"async\" src=\"data:image\/gif;base64,R0lGODlhAQABAIAAAAAAAP\/\/\/yH5BAEAAAAALAAAAAABAAEAAAIBRAA7\" data-src=\"https:\/\/rpagani.art\/wp-content\/uploads\/2019\/09\/titre1968switch-2.jpg\" data-srcset=\"https:\/\/rpagani.art\/wp-content\/uploads\/2019\/09\/titre1968switch-2.jpg 1400w, https:\/\/rpagani.art\/wp-content\/uploads\/2019\/09\/titre1968switch-2-300x214.jpg 300w, https:\/\/rpagani.art\/wp-content\/uploads\/2019\/09\/titre1968switch-2-1024x731.jpg 1024w, https:\/\/rpagani.art\/wp-content\/uploads\/2019\/09\/titre1968switch-2-768x549.jpg 768w, https:\/\/rpagani.art\/wp-content\/uploads\/2019\/09\/titre1968switch-2-350x250.jpg 350w, https:\/\/rpagani.art\/wp-content\/uploads\/2019\/09\/titre1968switch-2-650x464.jpg 650w, https:\/\/rpagani.art\/wp-content\/uploads\/2019\/09\/titre1968switch-2-1000x714.jpg 1000w\" data-sizes=\"(max-width: 1400px) 100vw, 1400px\"\" alt=\"\" class=\"grid-item-img ux-background-img-2nd lazy\"><\/div><\/div><\/div><\/section><section class=\"grid-stack-item sea-grid-item  grid_item_2nd_class filter_a1 filter_branding\" data-postid=\"28989\" data-gs-x=\"0\" data-gs-y=\"16\" data-gs-width=\"23\" data-gs-height=\"6\"><div class=\"grid-stack-item-content\"><div class=\"grid-item-inside  bm-touch-tab \" data-animationend=\"fadeined\"><div class=\"grid-item-con sea-grid-item-con  post--28989\" ><a href=\"https:\/\/rpagani.art\/?ux-portfolio=tulipe\" title=\"TULIPE\"  class=\"grid-item-mask-link\"><\/a><div class=\"grid-item-con-text\"><\/div><\/div><div class=\"brick-content ux-lazyload-wrap  \" style=\" padding-top: 71.428571428571%;\"><img decoding=\"async\" src=\"data:image\/gif;base64,R0lGODlhAQABAIAAAAAAAP\/\/\/yH5BAEAAAAALAAAAAABAAEAAAIBRAA7\" data-src=\"https:\/\/rpagani.art\/wp-content\/uploads\/2019\/07\/titretulipe-1.jpg\" data-srcset=\"https:\/\/rpagani.art\/wp-content\/uploads\/2019\/07\/titretulipe-1.jpg 1400w, https:\/\/rpagani.art\/wp-content\/uploads\/2019\/07\/titretulipe-1-300x214.jpg 300w, https:\/\/rpagani.art\/wp-content\/uploads\/2019\/07\/titretulipe-1-1024x731.jpg 1024w, https:\/\/rpagani.art\/wp-content\/uploads\/2019\/07\/titretulipe-1-768x549.jpg 768w, https:\/\/rpagani.art\/wp-content\/uploads\/2019\/07\/titretulipe-1-350x250.jpg 350w, https:\/\/rpagani.art\/wp-content\/uploads\/2019\/07\/titretulipe-1-arttheme-standard-thumb-650x464.jpg 650w, https:\/\/rpagani.art\/wp-content\/uploads\/2019\/07\/titretulipe-1-arttheme-standard-thumb-medium-1000x714.jpg 1000w\" data-sizes=\"(max-width: 480px) 320px,(max-width: 767px) 500px,(max-width: 1400px) 100vw, 1400px\" alt=\"\" data-xx=\"23\" class=\"grid-item-img ux-background-img-1st lazy\"><img decoding=\"async\" src=\"data:image\/gif;base64,R0lGODlhAQABAIAAAAAAAP\/\/\/yH5BAEAAAAALAAAAAABAAEAAAIBRAA7\" data-src=\"https:\/\/rpagani.art\/wp-content\/uploads\/2019\/07\/titretulipeswitch-1.jpg\" data-srcset=\"https:\/\/rpagani.art\/wp-content\/uploads\/2019\/07\/titretulipeswitch-1.jpg 1400w, https:\/\/rpagani.art\/wp-content\/uploads\/2019\/07\/titretulipeswitch-1-300x214.jpg 300w, https:\/\/rpagani.art\/wp-content\/uploads\/2019\/07\/titretulipeswitch-1-1024x731.jpg 1024w, https:\/\/rpagani.art\/wp-content\/uploads\/2019\/07\/titretulipeswitch-1-768x549.jpg 768w, https:\/\/rpagani.art\/wp-content\/uploads\/2019\/07\/titretulipeswitch-1-350x250.jpg 350w, https:\/\/rpagani.art\/wp-content\/uploads\/2019\/07\/titretulipeswitch-1-650x464.jpg 650w, https:\/\/rpagani.art\/wp-content\/uploads\/2019\/07\/titretulipeswitch-1-1000x714.jpg 1000w\" data-sizes=\"(max-width: 1400px) 100vw, 1400px\"\" alt=\"\" class=\"grid-item-img ux-background-img-2nd lazy\"><\/div><\/div><\/div><\/section><section class=\"grid-stack-item sea-grid-item  grid_item_2nd_class filter_a1 filter_branding filter_home\" data-postid=\"28992\" data-gs-x=\"0\" data-gs-y=\"0\" data-gs-width=\"12\" data-gs-height=\"8\"><div class=\"grid-stack-item-content\"><div class=\"grid-item-inside  bm-touch-tab \" data-animationend=\"fadeined\"><div class=\"grid-item-con sea-grid-item-con  post--28992\" ><a href=\"https:\/\/rpagani.art\/?ux-portfolio=nenuphar\" title=\"NENUPHAR\"  class=\"grid-item-mask-link\"><\/a><div class=\"grid-item-con-text\"><\/div><\/div><div class=\"brick-content ux-lazyload-wrap  \" style=\" padding-top: 78.571428571429%;\"><img decoding=\"async\" src=\"data:image\/gif;base64,R0lGODlhAQABAIAAAAAAAP\/\/\/yH5BAEAAAAALAAAAAABAAEAAAIBRAA7\" data-src=\"https:\/\/rpagani.art\/wp-content\/uploads\/2018\/08\/titrenenuphar-2.jpg\" data-srcset=\"https:\/\/rpagani.art\/wp-content\/uploads\/2018\/08\/titrenenuphar-2.jpg 1400w, https:\/\/rpagani.art\/wp-content\/uploads\/2018\/08\/titrenenuphar-2-300x236.jpg 300w, https:\/\/rpagani.art\/wp-content\/uploads\/2018\/08\/titrenenuphar-2-1024x805.jpg 1024w, https:\/\/rpagani.art\/wp-content\/uploads\/2018\/08\/titrenenuphar-2-768x603.jpg 768w, https:\/\/rpagani.art\/wp-content\/uploads\/2018\/08\/titrenenuphar-2-350x275.jpg 350w, https:\/\/rpagani.art\/wp-content\/uploads\/2018\/08\/titrenenuphar-2-arttheme-standard-thumb-650x511.jpg 650w, https:\/\/rpagani.art\/wp-content\/uploads\/2018\/08\/titrenenuphar-2-arttheme-standard-thumb-medium-1000x786.jpg 1000w\" data-sizes=\"(max-width: 480px) 320px,(max-width: 767px) 500px,(max-width: 1400px) 100vw, 1400px\" alt=\"\" data-xx=\"12\" class=\"grid-item-img ux-background-img-1st lazy\"><img decoding=\"async\" src=\"data:image\/gif;base64,R0lGODlhAQABAIAAAAAAAP\/\/\/yH5BAEAAAAALAAAAAABAAEAAAIBRAA7\" data-src=\"https:\/\/rpagani.art\/wp-content\/uploads\/2018\/08\/titrenenuphar-switch-goldII.jpg\" data-srcset=\"https:\/\/rpagani.art\/wp-content\/uploads\/2018\/08\/titrenenuphar-switch-goldII.jpg 1400w, https:\/\/rpagani.art\/wp-content\/uploads\/2018\/08\/titrenenuphar-switch-goldII-300x236.jpg 300w, https:\/\/rpagani.art\/wp-content\/uploads\/2018\/08\/titrenenuphar-switch-goldII-1024x805.jpg 1024w, https:\/\/rpagani.art\/wp-content\/uploads\/2018\/08\/titrenenuphar-switch-goldII-768x603.jpg 768w, https:\/\/rpagani.art\/wp-content\/uploads\/2018\/08\/titrenenuphar-switch-goldII-350x275.jpg 350w, https:\/\/rpagani.art\/wp-content\/uploads\/2018\/08\/titrenenuphar-switch-goldII-650x511.jpg 650w, https:\/\/rpagani.art\/wp-content\/uploads\/2018\/08\/titrenenuphar-switch-goldII-1000x786.jpg 1000w\" data-sizes=\"(max-width: 1400px) 100vw, 1400px\"\" alt=\"\" class=\"grid-item-img ux-background-img-2nd lazy\"><\/div><\/div><\/div><\/section><section class=\"grid-stack-item sea-grid-item  grid_item_2nd_class filter_a1 filter_branding filter_branding02 filter_home\" data-postid=\"28990\" data-gs-x=\"12\" data-gs-y=\"0\" data-gs-width=\"12\" data-gs-height=\"16\"><div class=\"grid-stack-item-content\"><div class=\"grid-item-inside  bm-touch-tab \" data-animationend=\"fadeined\"><div class=\"grid-item-con sea-grid-item-con  post--28990\" ><a href=\"https:\/\/rpagani.art\/?ux-portfolio=heron\" title=\"HERON\"  class=\"grid-item-mask-link\"><\/a><div class=\"grid-item-con-text\"><\/div><\/div><div class=\"brick-content ux-lazyload-wrap  \" style=\" padding-top: 78.571428571429%;\"><img decoding=\"async\" src=\"data:image\/gif;base64,R0lGODlhAQABAIAAAAAAAP\/\/\/yH5BAEAAAAALAAAAAABAAEAAAIBRAA7\" data-src=\"https:\/\/rpagani.art\/wp-content\/uploads\/2018\/08\/Herontitre1.jpg\" data-srcset=\"https:\/\/rpagani.art\/wp-content\/uploads\/2018\/08\/Herontitre1.jpg 1400w, https:\/\/rpagani.art\/wp-content\/uploads\/2018\/08\/Herontitre1-300x236.jpg 300w, https:\/\/rpagani.art\/wp-content\/uploads\/2018\/08\/Herontitre1-1024x805.jpg 1024w, https:\/\/rpagani.art\/wp-content\/uploads\/2018\/08\/Herontitre1-768x603.jpg 768w, https:\/\/rpagani.art\/wp-content\/uploads\/2018\/08\/Herontitre1-350x275.jpg 350w, https:\/\/rpagani.art\/wp-content\/uploads\/2018\/08\/Herontitre1-arttheme-standard-thumb-650x511.jpg 650w, https:\/\/rpagani.art\/wp-content\/uploads\/2018\/08\/Herontitre1-arttheme-standard-thumb-medium-1000x786.jpg 1000w\" data-sizes=\"(max-width: 480px) 320px,(max-width: 767px) 500px,(max-width: 1400px) 100vw, 1400px\" alt=\"\" data-xx=\"12\" class=\"grid-item-img ux-background-img-1st lazy\"><img decoding=\"async\" src=\"data:image\/gif;base64,R0lGODlhAQABAIAAAAAAAP\/\/\/yH5BAEAAAAALAAAAAABAAEAAAIBRAA7\" data-src=\"https:\/\/rpagani.art\/wp-content\/uploads\/2018\/08\/Herontitreswitch-3.jpg\" data-srcset=\"https:\/\/rpagani.art\/wp-content\/uploads\/2018\/08\/Herontitreswitch-3.jpg 1400w, https:\/\/rpagani.art\/wp-content\/uploads\/2018\/08\/Herontitreswitch-3-300x236.jpg 300w, https:\/\/rpagani.art\/wp-content\/uploads\/2018\/08\/Herontitreswitch-3-1024x805.jpg 1024w, https:\/\/rpagani.art\/wp-content\/uploads\/2018\/08\/Herontitreswitch-3-768x603.jpg 768w, https:\/\/rpagani.art\/wp-content\/uploads\/2018\/08\/Herontitreswitch-3-350x275.jpg 350w, https:\/\/rpagani.art\/wp-content\/uploads\/2018\/08\/Herontitreswitch-3-650x511.jpg 650w, https:\/\/rpagani.art\/wp-content\/uploads\/2018\/08\/Herontitreswitch-3-1000x786.jpg 1000w\" data-sizes=\"(max-width: 1400px) 100vw, 1400px\"\" alt=\"\" class=\"grid-item-img ux-background-img-2nd lazy\"><\/div><\/div><\/div><\/section><\/div><\/div><\/div><\/div><\/div>","protected":false},"excerpt":{"rendered":"<p>Je vous invite \u00e0 d\u00e9couvrir mes cr\u00e9ations<\/p>\n","protected":false},"author":1,"featured_media":0,"parent":0,"menu_order":0,"comment_status":"closed","ping_status":"closed","template":"","meta":{"inline_featured_image":false,"footnotes":""},"class_list":["post-28842","page","type-page","status-publish","hentry"],"yoast_head":"<!-- This site is optimized with the Yoast SEO plugin v27.3 - https:\/\/yoast.com\/product\/yoast-seo-wordpress\/ -->\n<title>home - PAGANI.<\/title>\n<meta name=\"robots\" content=\"index, follow, max-snippet:-1, max-image-preview:large, max-video-preview:-1\" \/>\n<link rel=\"canonical\" href=\"https:\/\/rpagani.art\/\" \/>\n<meta property=\"og:locale\" content=\"fr_FR\" \/>\n<meta property=\"og:type\" content=\"article\" \/>\n<meta property=\"og:title\" content=\"home - PAGANI.\" \/>\n<meta property=\"og:description\" content=\"Je vous invite \u00e0 d\u00e9couvrir mes cr\u00e9ations\" \/>\n<meta property=\"og:url\" content=\"https:\/\/rpagani.art\/\" \/>\n<meta property=\"og:site_name\" content=\"PAGANI.\" \/>\n<meta property=\"article:modified_time\" content=\"2021-01-10T08:33:43+00:00\" \/>\n<meta name=\"twitter:card\" content=\"summary_large_image\" \/>\n<script type=\"application\/ld+json\" class=\"yoast-schema-graph\">{\"@context\":\"https:\\\/\\\/schema.org\",\"@graph\":[{\"@type\":\"WebPage\",\"@id\":\"https:\\\/\\\/rpagani.art\\\/\",\"url\":\"https:\\\/\\\/rpagani.art\\\/\",\"name\":\"home - PAGANI.\",\"isPartOf\":{\"@id\":\"https:\\\/\\\/rpagani.art\\\/#website\"},\"datePublished\":\"2018-07-16T02:45:17+00:00\",\"dateModified\":\"2021-01-10T08:33:43+00:00\",\"breadcrumb\":{\"@id\":\"https:\\\/\\\/rpagani.art\\\/#breadcrumb\"},\"inLanguage\":\"fr-FR\",\"potentialAction\":[{\"@type\":\"ReadAction\",\"target\":[\"https:\\\/\\\/rpagani.art\\\/\"]}]},{\"@type\":\"BreadcrumbList\",\"@id\":\"https:\\\/\\\/rpagani.art\\\/#breadcrumb\",\"itemListElement\":[{\"@type\":\"ListItem\",\"position\":1,\"name\":\"Accueil\",\"item\":\"https:\\\/\\\/rpagani.art\\\/\"},{\"@type\":\"ListItem\",\"position\":2,\"name\":\"home\"}]},{\"@type\":\"WebSite\",\"@id\":\"https:\\\/\\\/rpagani.art\\\/#website\",\"url\":\"https:\\\/\\\/rpagani.art\\\/\",\"name\":\"PAGANI.\",\"description\":\"\",\"publisher\":{\"@id\":\"https:\\\/\\\/rpagani.art\\\/#\\\/schema\\\/person\\\/8e546cb8c8da49654cabf119ea891ee9\"},\"potentialAction\":[{\"@type\":\"SearchAction\",\"target\":{\"@type\":\"EntryPoint\",\"urlTemplate\":\"https:\\\/\\\/rpagani.art\\\/?s={search_term_string}\"},\"query-input\":{\"@type\":\"PropertyValueSpecification\",\"valueRequired\":true,\"valueName\":\"search_term_string\"}}],\"inLanguage\":\"fr-FR\"},{\"@type\":[\"Person\",\"Organization\"],\"@id\":\"https:\\\/\\\/rpagani.art\\\/#\\\/schema\\\/person\\\/8e546cb8c8da49654cabf119ea891ee9\",\"name\":\"om\",\"image\":{\"@type\":\"ImageObject\",\"inLanguage\":\"fr-FR\",\"@id\":\"https:\\\/\\\/secure.gravatar.com\\\/avatar\\\/c7a02a53f48baf66215a821a95ebe814b8f5a375f8abc1e9d229c5e0c492ce3d?s=96&d=mm&r=g\",\"url\":\"https:\\\/\\\/secure.gravatar.com\\\/avatar\\\/c7a02a53f48baf66215a821a95ebe814b8f5a375f8abc1e9d229c5e0c492ce3d?s=96&d=mm&r=g\",\"contentUrl\":\"https:\\\/\\\/secure.gravatar.com\\\/avatar\\\/c7a02a53f48baf66215a821a95ebe814b8f5a375f8abc1e9d229c5e0c492ce3d?s=96&d=mm&r=g\",\"caption\":\"om\"},\"logo\":{\"@id\":\"https:\\\/\\\/secure.gravatar.com\\\/avatar\\\/c7a02a53f48baf66215a821a95ebe814b8f5a375f8abc1e9d229c5e0c492ce3d?s=96&d=mm&r=g\"},\"sameAs\":[\"https:\\\/\\\/rpagani.art\"]}]}<\/script>\n<!-- \/ Yoast SEO plugin. -->","yoast_head_json":{"title":"home - PAGANI.","robots":{"index":"index","follow":"follow","max-snippet":"max-snippet:-1","max-image-preview":"max-image-preview:large","max-video-preview":"max-video-preview:-1"},"canonical":"https:\/\/rpagani.art\/","og_locale":"fr_FR","og_type":"article","og_title":"home - PAGANI.","og_description":"Je vous invite \u00e0 d\u00e9couvrir mes cr\u00e9ations","og_url":"https:\/\/rpagani.art\/","og_site_name":"PAGANI.","article_modified_time":"2021-01-10T08:33:43+00:00","twitter_card":"summary_large_image","schema":{"@context":"https:\/\/schema.org","@graph":[{"@type":"WebPage","@id":"https:\/\/rpagani.art\/","url":"https:\/\/rpagani.art\/","name":"home - PAGANI.","isPartOf":{"@id":"https:\/\/rpagani.art\/#website"},"datePublished":"2018-07-16T02:45:17+00:00","dateModified":"2021-01-10T08:33:43+00:00","breadcrumb":{"@id":"https:\/\/rpagani.art\/#breadcrumb"},"inLanguage":"fr-FR","potentialAction":[{"@type":"ReadAction","target":["https:\/\/rpagani.art\/"]}]},{"@type":"BreadcrumbList","@id":"https:\/\/rpagani.art\/#breadcrumb","itemListElement":[{"@type":"ListItem","position":1,"name":"Accueil","item":"https:\/\/rpagani.art\/"},{"@type":"ListItem","position":2,"name":"home"}]},{"@type":"WebSite","@id":"https:\/\/rpagani.art\/#website","url":"https:\/\/rpagani.art\/","name":"PAGANI.","description":"","publisher":{"@id":"https:\/\/rpagani.art\/#\/schema\/person\/8e546cb8c8da49654cabf119ea891ee9"},"potentialAction":[{"@type":"SearchAction","target":{"@type":"EntryPoint","urlTemplate":"https:\/\/rpagani.art\/?s={search_term_string}"},"query-input":{"@type":"PropertyValueSpecification","valueRequired":true,"valueName":"search_term_string"}}],"inLanguage":"fr-FR"},{"@type":["Person","Organization"],"@id":"https:\/\/rpagani.art\/#\/schema\/person\/8e546cb8c8da49654cabf119ea891ee9","name":"om","image":{"@type":"ImageObject","inLanguage":"fr-FR","@id":"https:\/\/secure.gravatar.com\/avatar\/c7a02a53f48baf66215a821a95ebe814b8f5a375f8abc1e9d229c5e0c492ce3d?s=96&d=mm&r=g","url":"https:\/\/secure.gravatar.com\/avatar\/c7a02a53f48baf66215a821a95ebe814b8f5a375f8abc1e9d229c5e0c492ce3d?s=96&d=mm&r=g","contentUrl":"https:\/\/secure.gravatar.com\/avatar\/c7a02a53f48baf66215a821a95ebe814b8f5a375f8abc1e9d229c5e0c492ce3d?s=96&d=mm&r=g","caption":"om"},"logo":{"@id":"https:\/\/secure.gravatar.com\/avatar\/c7a02a53f48baf66215a821a95ebe814b8f5a375f8abc1e9d229c5e0c492ce3d?s=96&d=mm&r=g"},"sameAs":["https:\/\/rpagani.art"]}]}},"_links":{"self":[{"href":"https:\/\/rpagani.art\/index.php?rest_route=\/wp\/v2\/pages\/28842","targetHints":{"allow":["GET"]}}],"collection":[{"href":"https:\/\/rpagani.art\/index.php?rest_route=\/wp\/v2\/pages"}],"about":[{"href":"https:\/\/rpagani.art\/index.php?rest_route=\/wp\/v2\/types\/page"}],"author":[{"embeddable":true,"href":"https:\/\/rpagani.art\/index.php?rest_route=\/wp\/v2\/users\/1"}],"replies":[{"embeddable":true,"href":"https:\/\/rpagani.art\/index.php?rest_route=%2Fwp%2Fv2%2Fcomments&post=28842"}],"version-history":[{"count":1,"href":"https:\/\/rpagani.art\/index.php?rest_route=\/wp\/v2\/pages\/28842\/revisions"}],"predecessor-version":[{"id":29073,"href":"https:\/\/rpagani.art\/index.php?rest_route=\/wp\/v2\/pages\/28842\/revisions\/29073"}],"wp:attachment":[{"href":"https:\/\/rpagani.art\/index.php?rest_route=%2Fwp%2Fv2%2Fmedia&parent=28842"}],"curies":[{"name":"wp","href":"https:\/\/api.w.org\/{rel}","templated":true}]}}